
{"id":100,"date":"2019-05-27T14:11:58","date_gmt":"2019-05-27T12:11:58","guid":{"rendered":"http:\/\/www.games2guide.eu\/?page_id=100"},"modified":"2021-05-31T14:54:18","modified_gmt":"2021-05-31T12:54:18","slug":"socios","status":"publish","type":"page","link":"https:\/\/www.games2guide.eu\/?page_id=100&lang=es","title":{"rendered":"Socios"},"content":{"rendered":"\n<div class=\"wp-block-columns has-2-columns is-layout-flex wp-container-core-columns-is-layout-9d6595d7 wp-block-columns-is-layout-flex\">\n<div class=\"wp-block-column is-layout-flow wp-block-column-is-layout-flow\">\n<div class=\"wp-block-image\"><figure class=\"aligncenter is-resized\"><img fetchpriority=\"high\" decoding=\"async\" src=\"\/\/www.games2guide.eu\/wp-content\/uploads\/2019\/07\/logoonisepnumerique2011-797x1024.jpg\" alt=\"\" class=\"wp-image-273\" width=\"199\" height=\"256\" srcset=\"https:\/\/www.games2guide.eu\/wp-content\/uploads\/2019\/07\/logoonisepnumerique2011-797x1024.jpg 797w, https:\/\/www.games2guide.eu\/wp-content\/uploads\/2019\/07\/logoonisepnumerique2011-233x300.jpg 233w, https:\/\/www.games2guide.eu\/wp-content\/uploads\/2019\/07\/logoonisepnumerique2011-768x987.jpg 768w, https:\/\/www.games2guide.eu\/wp-content\/uploads\/2019\/07\/logoonisepnumerique2011.jpg 827w\" sizes=\"(max-width: 199px) 100vw, 199px\" \/><\/figure><\/div>\n<\/div>\n\n\n\n<div class=\"wp-block-column is-layout-flow wp-block-column-is-layout-flow\">\n<p><strong>ONISEP (Oficina Nacional de Informaci\u00f3n para la Educaci\u00f3n y las Profesiones)<\/strong><\/p>\n<p>Operador estatal dependiente del Ministerio de Educaci\u00f3n Nacional y Juventud y el Ministerio de Educaci\u00f3n Superior, Investigaci\u00f3n e Innovaci\u00f3n. Onisep es una editorial p\u00fablica que produce y difunde toda la informaci\u00f3n sobre educaci\u00f3n y profesiones. Tambi\u00e9n ofrece servicios a estudiantes, padres y equipos educativos. <br>Su objetivo es proporcionar informaci\u00f3n sobre cursos de formaci\u00f3n inicial, profesiones y sectores profesionales. Gu\u00eda a los j\u00f3venes y sus familias en la elecci\u00f3n de las v\u00edas de capacitaci\u00f3n y los proyectos profesionales, y proporciona recursos para equipos educativos que ayudan a los j\u00f3venes en su proceso de orientaci\u00f3n. Apoya las pol\u00edticas ministeriales en favor de los j\u00f3venes &#8220;desertores&#8221;, la escolarizaci\u00f3n de los alumnos con discapacidad, la igualdad de g\u00e9nero y la movilidad de los j\u00f3venes en Europa.<\/p>\n<\/div>\n<\/div>\n\n\n\n<hr class=\"wp-block-separator\"\/>\n\n\n\n<div class=\"wp-block-columns has-2-columns is-layout-flex wp-container-core-columns-is-layout-9d6595d7 wp-block-columns-is-layout-flex\">\n<div class=\"wp-block-column is-layout-flow wp-block-column-is-layout-flow\">\n<div class=\"wp-block-image\"><figure class=\"aligncenter is-resized\"><img decoding=\"async\" src=\"\/\/www.games2guide.eu\/wp-content\/uploads\/2019\/07\/FASE_plano-1024x532.png\" alt=\"\" class=\"wp-image-278\" width=\"256\" height=\"133\" srcset=\"https:\/\/www.games2guide.eu\/wp-content\/uploads\/2019\/07\/FASE_plano-1024x532.png 1024w, https:\/\/www.games2guide.eu\/wp-content\/uploads\/2019\/07\/FASE_plano-300x156.png 300w, https:\/\/www.games2guide.eu\/wp-content\/uploads\/2019\/07\/FASE_plano-768x399.png 768w\" sizes=\"(max-width: 256px) 100vw, 256px\" \/><\/figure><\/div>\n<\/div>\n\n\n\n<div class=\"wp-block-column is-layout-flow wp-block-column-is-layout-flow\">\n<p><strong>Formaci\u00f3n y Asesores en Selecci\u00f3n y Empleo (FASE)<\/strong><\/p>\n<p>Es una consultora de formaci\u00f3n que desde 1996 apuesta por la calidad y la innovaci\u00f3n en la formaci\u00f3n profesional y continua a trav\u00e9s de la oferta de cursos presenciales, a distancia y mixtos, as\u00ed como mediante el desarrollo e implementaci\u00f3n de nuevas soluciones tecnol\u00f3gicas para el aprendizaje y la ense\u00f1anza. Como centro de formaci\u00f3n, da prioridad a la oferta formativa siguiendo una optimizaci\u00f3n de recursos y satisfacci\u00f3n de empleados, proveedores y clientes.<\/p>\n<\/div>\n<\/div>\n\n\n\n<hr class=\"wp-block-separator\"\/>\n\n\n\n<div class=\"wp-block-columns has-2-columns is-layout-flex wp-container-core-columns-is-layout-9d6595d7 wp-block-columns-is-layout-flex\">\n<div class=\"wp-block-column is-layout-flow wp-block-column-is-layout-flow\">\n<div class=\"wp-block-image\"><figure class=\"aligncenter is-resized\"><img decoding=\"async\" src=\"\/\/www.games2guide.eu\/wp-content\/uploads\/2019\/07\/Logo-Unifi.png\" alt=\"\" class=\"wp-image-281\" width=\"248\" height=\"115\" srcset=\"https:\/\/www.games2guide.eu\/wp-content\/uploads\/2019\/07\/Logo-Unifi.png 990w, https:\/\/www.games2guide.eu\/wp-content\/uploads\/2019\/07\/Logo-Unifi-300x140.png 300w, https:\/\/www.games2guide.eu\/wp-content\/uploads\/2019\/07\/Logo-Unifi-768x358.png 768w\" sizes=\"(max-width: 248px) 100vw, 248px\" \/><\/figure><\/div>\n<\/div>\n\n\n\n<div class=\"wp-block-column is-layout-flow wp-block-column-is-layout-flow\">\n<p><strong>Universit\u00e0 degli Studi di Firenze (UNIFI)<\/strong><\/p>\n<p>La Universidad de Florencia es un centro importante e influyente para la investigaci\u00f3n y la formaci\u00f3n superior en Italia, con 1.800 profesores y personal de investigaci\u00f3n interno, 1.600 personal t\u00e9cnico y administrativo, y m\u00e1s de 1.600 asistentes de investigaci\u00f3n y estudiantes de doctorado.<br>Ofrece una amplia gama de programas de estudio en varios niveles y en todas las \u00e1reas de conocimiento.<br>M\u00e1s de 130 cursos de grado (primer y segundo ciclo, correspondientes a t\u00edtulos de licenciatura y maestr\u00eda) organizados en 10 escuelas, con una poblaci\u00f3n de aproximadamente 51,000 estudiantes matriculados, una cuarta parte de los cuales provienen de fuera de la Toscana.<br>Hay m\u00e1s de 9,000 t\u00edtulos otorgados cada a\u00f1o en Florencia. De acuerdo con los datos de los alumnos, el porcentaje de estudiantes que est\u00e1n en la fuerza laboral un a\u00f1o despu\u00e9s de su t\u00edtulo de primer nivel est\u00e1 por encima del promedio nacional.<br>La Universidad de Florencia tiene una vocaci\u00f3n internacional natural y el desarrollo de la internacionalizaci\u00f3n es una de sus prioridades estrat\u00e9gicas.<br>El Departamento de Educaci\u00f3n, Idiomas, Interculturas, Literaturas y Psicolog\u00eda, involucrado en el proyecto, se fund\u00f3 en enero de 2019 fusionando los departamentos de Idiomas, Literaturas y Estudios Interculturales y Educaci\u00f3n y Psicolog\u00eda.<\/p>\n<\/div>\n<\/div>\n\n\n\n<hr class=\"wp-block-separator\"\/>\n\n\n\n<div class=\"wp-block-columns has-2-columns is-layout-flex wp-container-core-columns-is-layout-9d6595d7 wp-block-columns-is-layout-flex\">\n<div class=\"wp-block-column is-layout-flow wp-block-column-is-layout-flow\">\n<div class=\"wp-block-image\"><figure class=\"aligncenter is-resized\"><img loading=\"lazy\" decoding=\"async\" src=\"\/\/www.games2guide.eu\/wp-content\/uploads\/2019\/07\/logoAEVA.jpg\" alt=\"\" class=\"wp-image-284\" width=\"116\" height=\"116\" srcset=\"https:\/\/www.games2guide.eu\/wp-content\/uploads\/2019\/07\/logoAEVA.jpg 464w, https:\/\/www.games2guide.eu\/wp-content\/uploads\/2019\/07\/logoAEVA-150x150.jpg 150w, https:\/\/www.games2guide.eu\/wp-content\/uploads\/2019\/07\/logoAEVA-300x300.jpg 300w\" sizes=\"(max-width: 116px) 100vw, 116px\" \/><\/figure><\/div>\n<\/div>\n\n\n\n<div class=\"wp-block-column is-layout-flow wp-block-column-is-layout-flow\">\n<p><strong>Asociaci\u00f3n para la Educaci\u00f3n y Valorizaci\u00f3n de la Regi\u00f3n de Aveiro (AEVA)<\/strong><\/p>\n<p>Es una asociaci\u00f3n portuguesa para la educaci\u00f3n y el desarrollo del distrito de Aveiro. Una organizaci\u00f3n sin fines de lucro, fue fundada en 1998 y est\u00e1 involucrada en recursos de educaci\u00f3n y desarrollo. Forma parte de la EPA &#8211; Escola Profissional de Aveiro &#8211; VET School of Aveiro, que comenz\u00f3 en 1992. La EPA act\u00faa a nivel regional y sus programas de formaci\u00f3n profesional tienen como objetivo satisfacer las necesidades de las empresas en la regi\u00f3n definidas en la encuesta anual.<\/p>\n<\/div>\n<\/div>\n\n\n\n<hr class=\"wp-block-separator\"\/>\n\n\n\n<div class=\"wp-block-columns has-2-columns is-layout-flex wp-container-core-columns-is-layout-9d6595d7 wp-block-columns-is-layout-flex\">\n<div class=\"wp-block-column is-layout-flow wp-block-column-is-layout-flow\">\n<div class=\"wp-block-image\"><figure class=\"aligncenter is-resized\"><img loading=\"lazy\" decoding=\"async\" src=\"\/\/www.games2guide.eu\/wp-content\/uploads\/2019\/07\/Aspire-igen.jpg\" alt=\"\" class=\"wp-image-287\" width=\"142\" height=\"86\"\/><\/figure><\/div>\n<\/div>\n\n\n\n<div class=\"wp-block-column is-layout-flow wp-block-column-is-layout-flow\">\n<p><strong>Grupo Aspire-igen<\/strong><\/p>\n<p>Es una empresa social sin fines de lucro con m\u00e1s de 25 a\u00f1os de experiencia en las \u00e1reas de orientaci\u00f3n profesional, servicios de asistencia para el empleo y capacitaci\u00f3n para grupos vulnerables. Involucrado en m\u00e1s de 75 proyectos internacionales desde 1992, el equipo de investigaci\u00f3n y desarrollo proporciona recursos, capacitaci\u00f3n y herramientas de vanguardia que cumplen con los requisitos de orientaci\u00f3n y empleabilidad de las carreras modernas. Aspire-igen es reconocido como un centro de excelencia por la Comisi\u00f3n Europea, que apoya el desarrollo de una pol\u00edtica de orientaci\u00f3n de la UE como el Centro de Euroguidance del Reino Unido.<\/p>\n<\/div>\n<\/div>\n\n\n\n<hr class=\"wp-block-separator\"\/>\n","protected":false},"excerpt":{"rendered":"<p>ONISEP (Oficina Nacional de Informaci\u00f3n para la Educaci\u00f3n y las Profesiones) Operador estatal dependiente del Ministerio de Educaci\u00f3n Nacional y Juventud y el Ministerio de Educaci\u00f3n Superior, Investigaci\u00f3n e Innovaci\u00f3n. Onisep es una editorial p\u00fablica que produce y difunde toda la informaci\u00f3n sobre educaci\u00f3n y profesiones. Tambi\u00e9n ofrece servicios a estudiantes, padres y equipos educativos.&hellip;<\/p>\n","protected":false},"author":1,"featured_media":0,"parent":0,"menu_order":0,"comment_status":"closed","ping_status":"closed","template":"","meta":{"yasr_overall_rating":0,"yasr_post_is_review":"","yasr_auto_insert_disabled":"","yasr_review_type":"","footnotes":""},"class_list":["post-100","page","type-page","status-publish","hentry"],"yasr_visitor_votes":{"stars_attributes":{"read_only":false,"span_bottom":false},"number_of_votes":0,"sum_votes":0},"_links":{"self":[{"href":"https:\/\/www.games2guide.eu\/index.php?rest_route=\/wp\/v2\/pages\/100","targetHints":{"allow":["GET"]}}],"collection":[{"href":"https:\/\/www.games2guide.eu\/index.php?rest_route=\/wp\/v2\/pages"}],"about":[{"href":"https:\/\/www.games2guide.eu\/index.php?rest_route=\/wp\/v2\/types\/page"}],"author":[{"embeddable":true,"href":"https:\/\/www.games2guide.eu\/index.php?rest_route=\/wp\/v2\/users\/1"}],"replies":[{"embeddable":true,"href":"https:\/\/www.games2guide.eu\/index.php?rest_route=%2Fwp%2Fv2%2Fcomments&post=100"}],"version-history":[{"count":12,"href":"https:\/\/www.games2guide.eu\/index.php?rest_route=\/wp\/v2\/pages\/100\/revisions"}],"predecessor-version":[{"id":937,"href":"https:\/\/www.games2guide.eu\/index.php?rest_route=\/wp\/v2\/pages\/100\/revisions\/937"}],"wp:attachment":[{"href":"https:\/\/www.games2guide.eu\/index.php?rest_route=%2Fwp%2Fv2%2Fmedia&parent=100"}],"curies":[{"name":"wp","href":"https:\/\/api.w.org\/{rel}","templated":true}]}}