
{"id":120,"date":"2019-05-27T14:18:47","date_gmt":"2019-05-27T12:18:47","guid":{"rendered":"http:\/\/www.games2guide.eu\/?page_id=120"},"modified":"2021-07-14T12:35:36","modified_gmt":"2021-07-14T10:35:36","slug":"noticias","status":"publish","type":"page","link":"https:\/\/www.games2guide.eu\/?page_id=120&lang=es","title":{"rendered":"Noticias"},"content":{"rendered":"\n<p style=\"text-align:center\">Los socios del proyecto\nGames2Guide le invitan a consultar las noticias y novedades del proyecto.<\/p>\n\n\n\n<div class=\"wp-block-columns has-2-columns is-layout-flex wp-container-core-columns-is-layout-9d6595d7 wp-block-columns-is-layout-flex\">\n<div class=\"wp-block-column is-layout-flow wp-block-column-is-layout-flow\">\n<figure class=\"wp-block-image\"><a href=\"http:\/\/www.games2guide.eu\/wp-content\/uploads\/2020\/10\/Newsletter1_ES.pdf\" target=\"_blank\" rel=\"noopener noreferrer\"><img fetchpriority=\"high\" decoding=\"async\" width=\"744\" height=\"535\" src=\"http:\/\/www.games2guide.eu\/wp-content\/uploads\/2020\/10\/newsletter.jpg\" alt=\"\" class=\"wp-image-907\" srcset=\"https:\/\/www.games2guide.eu\/wp-content\/uploads\/2020\/10\/newsletter.jpg 744w, https:\/\/www.games2guide.eu\/wp-content\/uploads\/2020\/10\/newsletter-300x216.jpg 300w\" sizes=\"(max-width: 744px) 100vw, 744px\" \/><\/a><\/figure>\n\n\n\n<p><\/p>\n<\/div>\n\n\n\n<div class=\"wp-block-column is-layout-flow wp-block-column-is-layout-flow\">\n<p><strong>Newletter II &#8211; Julio 2021 <\/strong><\/p>\n\n\n\n<p style=\"text-align:center\"><strong><a href=\"http:\/\/www.games2guide.eu\/wp-content\/uploads\/2021\/07\/Newsletter2_ES.pdf\" target=\"_blank\" rel=\"noreferrer noopener\" aria-label=\" (opens in a new tab)\">Descargar Newsletter <\/a><\/strong><\/p>\n<\/div>\n<\/div>\n\n\n\n<div class=\"wp-block-columns has-2-columns is-layout-flex wp-container-core-columns-is-layout-9d6595d7 wp-block-columns-is-layout-flex\">\n<div class=\"wp-block-column is-layout-flow wp-block-column-is-layout-flow\">\n<figure class=\"wp-block-image\"><a href=\"http:\/\/www.games2guide.eu\/wp-content\/uploads\/2020\/10\/Newsletter1_ES.pdf\" target=\"_blank\" rel=\"noopener noreferrer\"><img fetchpriority=\"high\" decoding=\"async\" width=\"744\" height=\"535\" src=\"http:\/\/www.games2guide.eu\/wp-content\/uploads\/2020\/10\/newsletter.jpg\" alt=\"\" class=\"wp-image-907\" srcset=\"https:\/\/www.games2guide.eu\/wp-content\/uploads\/2020\/10\/newsletter.jpg 744w, https:\/\/www.games2guide.eu\/wp-content\/uploads\/2020\/10\/newsletter-300x216.jpg 300w\" sizes=\"(max-width: 744px) 100vw, 744px\" \/><\/a><\/figure>\n\n\n\n<p><\/p>\n<\/div>\n\n\n\n<div class=\"wp-block-column is-layout-flow wp-block-column-is-layout-flow\">\n<p><strong>Newletter I &#8211; Septiembre 2020 <\/strong><\/p>\n\n\n\n<p style=\"text-align:center\"><strong><a rel=\"noreferrer noopener\" aria-label=\"Descargar Newsletter  (opens in a new tab)\" href=\"http:\/\/www.games2guide.eu\/wp-content\/uploads\/2020\/10\/Newsletter1_ES.pdf\" target=\"_blank\">Descargar Newsletter <\/a><\/strong><\/p>\n<\/div>\n<\/div>\n\n\n\n<hr class=\"wp-block-separator\"\/>\n\n\n\n<div class=\"wp-block-columns has-2-columns is-layout-flex wp-container-core-columns-is-layout-9d6595d7 wp-block-columns-is-layout-flex\">\n<div class=\"wp-block-column is-layout-flow wp-block-column-is-layout-flow\">\n<figure class=\"wp-block-image\"><img decoding=\"async\" width=\"685\" height=\"533\" src=\"http:\/\/www.games2guide.eu\/wp-content\/uploads\/2020\/06\/Florencia-4.jpg\" alt=\"\" class=\"wp-image-870\" srcset=\"https:\/\/www.games2guide.eu\/wp-content\/uploads\/2020\/06\/Florencia-4.jpg 685w, https:\/\/www.games2guide.eu\/wp-content\/uploads\/2020\/06\/Florencia-4-300x233.jpg 300w\" sizes=\"(max-width: 685px) 100vw, 685px\" \/><\/figure>\n<\/div>\n\n\n\n<div class=\"wp-block-column is-layout-flow wp-block-column-is-layout-flow\">\n<p><strong>Florencia (Italia), 6 y 7 de mayo de 2019<\/strong> <\/p>\n\n\n\n<p>Los socios revisaron lo que se ha hecho y planificaron las pr\u00f3ximas actividades de acuerdo con la propuesta de proyecto. Fue un per\u00edodo muy fruct\u00edfero ya que intercambiamos sobre el protocolo de experimentaci\u00f3n, las caracter\u00edsticas de la p\u00e1gina web, el dise\u00f1o y la elecci\u00f3n del logotipo del proyecto. <\/p>\n<\/div>\n<\/div>\n\n\n\n<hr class=\"wp-block-separator\"\/>\n\n\n\n<div class=\"wp-block-columns has-2-columns is-layout-flex wp-container-core-columns-is-layout-9d6595d7 wp-block-columns-is-layout-flex\">\n<div class=\"wp-block-column is-layout-flow wp-block-column-is-layout-flow\">\n<figure class=\"wp-block-image\"><img decoding=\"async\" width=\"1024\" height=\"576\" src=\"http:\/\/www.games2guide.eu\/wp-content\/uploads\/2020\/06\/Foto-reuni\u00f3n-PARIS-4-1024x576.jpeg\" alt=\"\" class=\"wp-image-871\" srcset=\"https:\/\/www.games2guide.eu\/wp-content\/uploads\/2020\/06\/Foto-reuni\u00f3n-PARIS-4-1024x576.jpeg 1024w, https:\/\/www.games2guide.eu\/wp-content\/uploads\/2020\/06\/Foto-reuni\u00f3n-PARIS-4-300x169.jpeg 300w, https:\/\/www.games2guide.eu\/wp-content\/uploads\/2020\/06\/Foto-reuni\u00f3n-PARIS-4-768x432.jpeg 768w, https:\/\/www.games2guide.eu\/wp-content\/uploads\/2020\/06\/Foto-reuni\u00f3n-PARIS-4-1140x641.jpeg 1140w, https:\/\/www.games2guide.eu\/wp-content\/uploads\/2020\/06\/Foto-reuni\u00f3n-PARIS-4-720x405.jpeg 720w, https:\/\/www.games2guide.eu\/wp-content\/uploads\/2020\/06\/Foto-reuni\u00f3n-PARIS-4.jpeg 1600w\" sizes=\"(max-width: 1024px) 100vw, 1024px\" \/><\/figure>\n<\/div>\n\n\n\n<div class=\"wp-block-column is-layout-flow wp-block-column-is-layout-flow\">\n<p><strong>Par\u00eds (Francia), 30 y 31 de octubre de 2018<\/strong><\/p>\n\n\n\n<p>El proyecto Games2Guide comenz\u00f3 con una reuni\u00f3n inicial en Par\u00eds, en la que todos los socios se conocieron mejor y tomaron decisiones sobre la metodolog\u00eda, el calendario y las herramientas necesarias para el buen funcionamiento del proyecto. <\/p>\n<\/div>\n<\/div>\n","protected":false},"excerpt":{"rendered":"<p>Los socios del proyecto Games2Guide le invitan a consultar las noticias y novedades del proyecto. Newletter II &#8211; Julio 2021 Descargar Newsletter Newletter I &#8211; Septiembre 2020 Descargar Newsletter Florencia (Italia), 6 y 7 de mayo de 2019 Los socios revisaron lo que se ha hecho y planificaron las pr\u00f3ximas actividades de acuerdo con la&hellip;<\/p>\n","protected":false},"author":1,"featured_media":0,"parent":0,"menu_order":0,"comment_status":"closed","ping_status":"closed","template":"","meta":{"yasr_overall_rating":0,"yasr_post_is_review":"","yasr_auto_insert_disabled":"","yasr_review_type":"","footnotes":""},"class_list":["post-120","page","type-page","status-publish","hentry"],"yasr_visitor_votes":{"stars_attributes":{"read_only":false,"span_bottom":false},"number_of_votes":0,"sum_votes":0},"_links":{"self":[{"href":"https:\/\/www.games2guide.eu\/index.php?rest_route=\/wp\/v2\/pages\/120","targetHints":{"allow":["GET"]}}],"collection":[{"href":"https:\/\/www.games2guide.eu\/index.php?rest_route=\/wp\/v2\/pages"}],"about":[{"href":"https:\/\/www.games2guide.eu\/index.php?rest_route=\/wp\/v2\/types\/page"}],"author":[{"embeddable":true,"href":"https:\/\/www.games2guide.eu\/index.php?rest_route=\/wp\/v2\/users\/1"}],"replies":[{"embeddable":true,"href":"https:\/\/www.games2guide.eu\/index.php?rest_route=%2Fwp%2Fv2%2Fcomments&post=120"}],"version-history":[{"count":10,"href":"https:\/\/www.games2guide.eu\/index.php?rest_route=\/wp\/v2\/pages\/120\/revisions"}],"predecessor-version":[{"id":944,"href":"https:\/\/www.games2guide.eu\/index.php?rest_route=\/wp\/v2\/pages\/120\/revisions\/944"}],"wp:attachment":[{"href":"https:\/\/www.games2guide.eu\/index.php?rest_route=%2Fwp%2Fv2%2Fmedia&parent=120"}],"curies":[{"name":"wp","href":"https:\/\/api.w.org\/{rel}","templated":true}]}}