
{"id":124,"date":"2019-05-27T14:18:47","date_gmt":"2019-05-27T12:18:47","guid":{"rendered":"http:\/\/www.games2guide.eu\/?page_id=124"},"modified":"2021-09-08T10:48:49","modified_gmt":"2021-09-08T08:48:49","slug":"novita","status":"publish","type":"page","link":"https:\/\/www.games2guide.eu\/?page_id=124&lang=it","title":{"rendered":"Notizie"},"content":{"rendered":"\n<p style=\"text-align:center\">  I partner del progetto vi invitano a consultare le novit\u00e0 e le notizie relative al progetto. <\/p>\n\n\n\n<div class=\"wp-block-columns has-2-columns is-layout-flex wp-container-core-columns-is-layout-9d6595d7 wp-block-columns-is-layout-flex\">\n<div class=\"wp-block-column is-layout-flow wp-block-column-is-layout-flow\">\n<figure class=\"wp-block-image\"><a href=\"http:\/\/www.games2guide.eu\/wp-content\/uploads\/2020\/10\/Newsletter1_IT.pdf\" target=\"_blank\" rel=\"noopener noreferrer\"><img fetchpriority=\"high\" decoding=\"async\" width=\"744\" height=\"535\" src=\"http:\/\/www.games2guide.eu\/wp-content\/uploads\/2020\/10\/newsletter.jpg\" alt=\"\" class=\"wp-image-907\" srcset=\"https:\/\/www.games2guide.eu\/wp-content\/uploads\/2020\/10\/newsletter.jpg 744w, https:\/\/www.games2guide.eu\/wp-content\/uploads\/2020\/10\/newsletter-300x216.jpg 300w\" sizes=\"(max-width: 744px) 100vw, 744px\" \/><\/a><\/figure>\n\n\n\n<p><\/p>\n<\/div>\n\n\n\n<div class=\"wp-block-column is-layout-flow wp-block-column-is-layout-flow\">\n<p><strong>Newletter II &#8211; Luglio 2021 <\/strong><\/p>\n\n\n\n<p style=\"text-align:center\"><strong><a href=\"http:\/\/www.games2guide.eu\/wp-content\/uploads\/2021\/07\/Newsletter2_IT.pdf\" target=\"_blank\" rel=\"noreferrer noopener\" aria-label=\" (opens in a new tab)\">Download Newsletter <\/a><\/strong><\/p>\n<\/div>\n<\/div>\n\n\n\n<div class=\"wp-block-columns has-2-columns is-layout-flex wp-container-core-columns-is-layout-9d6595d7 wp-block-columns-is-layout-flex\">\n<div class=\"wp-block-column is-layout-flow wp-block-column-is-layout-flow\">\n<figure class=\"wp-block-image\"><a href=\"http:\/\/www.games2guide.eu\/wp-content\/uploads\/2020\/10\/Newsletter1_IT.pdf\" target=\"_blank\" rel=\"noopener noreferrer\"><img fetchpriority=\"high\" decoding=\"async\" width=\"744\" height=\"535\" src=\"http:\/\/www.games2guide.eu\/wp-content\/uploads\/2020\/10\/newsletter.jpg\" alt=\"\" class=\"wp-image-907\" srcset=\"https:\/\/www.games2guide.eu\/wp-content\/uploads\/2020\/10\/newsletter.jpg 744w, https:\/\/www.games2guide.eu\/wp-content\/uploads\/2020\/10\/newsletter-300x216.jpg 300w\" sizes=\"(max-width: 744px) 100vw, 744px\" \/><\/a><\/figure>\n\n\n\n<p><\/p>\n<\/div>\n\n\n\n<div class=\"wp-block-column is-layout-flow wp-block-column-is-layout-flow\">\n<p><strong>Newletter I &#8211; Settembre 2020 <\/strong><\/p>\n\n\n\n<p style=\"text-align:center\"><strong><a rel=\"noreferrer noopener\" aria-label=\"Descargar Newsletter  (opens in a new tab)\" href=\"http:\/\/www.games2guide.eu\/wp-content\/uploads\/2020\/10\/Newsletter1_IT.pdf\" target=\"_blank\">Download Newsletter <\/a><\/strong><\/p>\n<\/div>\n<\/div>\n\n\n\n<hr class=\"wp-block-separator\"\/>\n\n\n\n<div class=\"wp-block-columns has-2-columns is-layout-flex wp-container-core-columns-is-layout-9d6595d7 wp-block-columns-is-layout-flex\">\n<div class=\"wp-block-column is-layout-flow wp-block-column-is-layout-flow\">\n<figure class=\"wp-block-image\"><img decoding=\"async\" width=\"685\" height=\"533\" src=\"http:\/\/www.games2guide.eu\/wp-content\/uploads\/2020\/06\/Florencia-2.jpg\" alt=\"\" class=\"wp-image-862\" srcset=\"https:\/\/www.games2guide.eu\/wp-content\/uploads\/2020\/06\/Florencia-2.jpg 685w, https:\/\/www.games2guide.eu\/wp-content\/uploads\/2020\/06\/Florencia-2-300x233.jpg 300w\" sizes=\"(max-width: 685px) 100vw, 685px\" \/><\/figure>\n<\/div>\n\n\n\n<div class=\"wp-block-column is-layout-flow wp-block-column-is-layout-flow\">\n<p><strong>Firenze, Italia, 6 e 7 maggio 2019<\/strong><\/p>\n\n\n\n<p>I partner hanno rivisto ci\u00f2 che era stato fatto e hanno pianificato le successive attivit\u00e0 in base alla proposta di progetto. \u00c8 stato molto produttivo poich\u00e9 abbiamo discusso del protocollo sperimentale, delle caratteristiche del sito web, del design e della scelta del logo per il progetto. <\/p>\n<\/div>\n<\/div>\n\n\n\n<hr class=\"wp-block-separator\"\/>\n\n\n\n<div class=\"wp-block-columns has-2-columns is-layout-flex wp-container-core-columns-is-layout-9d6595d7 wp-block-columns-is-layout-flex\">\n<div class=\"wp-block-column is-layout-flow wp-block-column-is-layout-flow\">\n<figure class=\"wp-block-image\"><img decoding=\"async\" width=\"1024\" height=\"576\" src=\"http:\/\/www.games2guide.eu\/wp-content\/uploads\/2020\/06\/Foto-reuni\u00f3n-PARIS-2-1024x576.jpeg\" alt=\"\" class=\"wp-image-863\" srcset=\"https:\/\/www.games2guide.eu\/wp-content\/uploads\/2020\/06\/Foto-reuni\u00f3n-PARIS-2-1024x576.jpeg 1024w, https:\/\/www.games2guide.eu\/wp-content\/uploads\/2020\/06\/Foto-reuni\u00f3n-PARIS-2-300x169.jpeg 300w, https:\/\/www.games2guide.eu\/wp-content\/uploads\/2020\/06\/Foto-reuni\u00f3n-PARIS-2-768x432.jpeg 768w, https:\/\/www.games2guide.eu\/wp-content\/uploads\/2020\/06\/Foto-reuni\u00f3n-PARIS-2-1140x641.jpeg 1140w, https:\/\/www.games2guide.eu\/wp-content\/uploads\/2020\/06\/Foto-reuni\u00f3n-PARIS-2-720x405.jpeg 720w, https:\/\/www.games2guide.eu\/wp-content\/uploads\/2020\/06\/Foto-reuni\u00f3n-PARIS-2.jpeg 1600w\" sizes=\"(max-width: 1024px) 100vw, 1024px\" \/><\/figure>\n<\/div>\n\n\n\n<div class=\"wp-block-column is-layout-flow wp-block-column-is-layout-flow\">\n<p><strong>Parigi, Francia, 30 e 31 ottobre 2018<\/strong><\/p>\n\n\n\n<p>Il progetto \u201cGames2Guide\u201d \u00e8 iniziato con un incontro di avvio a Parigi, durante il quale tutti i partner si sono conosciuti meglio e hanno preso accordi sulla metodologia, il calendario da seguire e gli strumenti necessari per il corretto svolgimento del progetto. <\/p>\n<\/div>\n<\/div>\n","protected":false},"excerpt":{"rendered":"<p>I partner del progetto vi invitano a consultare le novit\u00e0 e le notizie relative al progetto. Newletter II &#8211; Luglio 2021 Download Newsletter Newletter I &#8211; Settembre 2020 Download Newsletter Firenze, Italia, 6 e 7 maggio 2019 I partner hanno rivisto ci\u00f2 che era stato fatto e hanno pianificato le successive attivit\u00e0 in base alla&hellip;<\/p>\n","protected":false},"author":1,"featured_media":0,"parent":0,"menu_order":0,"comment_status":"closed","ping_status":"closed","template":"","meta":{"yasr_overall_rating":0,"yasr_post_is_review":"","yasr_auto_insert_disabled":"","yasr_review_type":"","footnotes":""},"class_list":["post-124","page","type-page","status-publish","hentry"],"yasr_visitor_votes":{"stars_attributes":{"read_only":false,"span_bottom":false},"number_of_votes":0,"sum_votes":0},"_links":{"self":[{"href":"https:\/\/www.games2guide.eu\/index.php?rest_route=\/wp\/v2\/pages\/124","targetHints":{"allow":["GET"]}}],"collection":[{"href":"https:\/\/www.games2guide.eu\/index.php?rest_route=\/wp\/v2\/pages"}],"about":[{"href":"https:\/\/www.games2guide.eu\/index.php?rest_route=\/wp\/v2\/types\/page"}],"author":[{"embeddable":true,"href":"https:\/\/www.games2guide.eu\/index.php?rest_route=\/wp\/v2\/users\/1"}],"replies":[{"embeddable":true,"href":"https:\/\/www.games2guide.eu\/index.php?rest_route=%2Fwp%2Fv2%2Fcomments&post=124"}],"version-history":[{"count":10,"href":"https:\/\/www.games2guide.eu\/index.php?rest_route=\/wp\/v2\/pages\/124\/revisions"}],"predecessor-version":[{"id":946,"href":"https:\/\/www.games2guide.eu\/index.php?rest_route=\/wp\/v2\/pages\/124\/revisions\/946"}],"wp:attachment":[{"href":"https:\/\/www.games2guide.eu\/index.php?rest_route=%2Fwp%2Fv2%2Fmedia&parent=124"}],"curies":[{"name":"wp","href":"https:\/\/api.w.org\/{rel}","templated":true}]}}